{"id":540,"date":"2022-04-12T21:38:00","date_gmt":"2022-04-13T02:38:00","guid":{"rendered":"https:\/\/parts.livequipment.com\/politica-de-privacidad\/"},"modified":"2022-04-17T18:02:33","modified_gmt":"2022-04-17T23:02:33","slug":"politica-de-privacidad","status":"publish","type":"page","link":"https:\/\/parts.livequipment.com\/es\/politica-de-privacidad\/","title":{"rendered":"Pol\u00edtica de privacidad"},"content":{"rendered":"\n<p>La pol\u00edtica de privacidad es muy importante para nosotros. Hemos desarrollado las pautas a continuaci\u00f3n para que pueda comprender c\u00f3mo recopilamos, usamos, comunicamos, divulgamos y hacemos uso de la informaci\u00f3n personal. A continuaci\u00f3n se describe nuestra pol\u00edtica de privacidad:<\/p>\n\n<ul class=\"wp-block-list\"><li>Identificaremos los prop\u00f3sitos para los cuales se recopila la informaci\u00f3n antes o en el momento de recopilar informaci\u00f3n personal.<\/li><li>Recopilaremos y utilizaremos informaci\u00f3n personal con el \u00fanico objetivo de cumplir con los fines especificados por nosotros y para otros fines compatibles, a menos que obtengamos el consentimiento de la persona en cuesti\u00f3n o seg\u00fan lo exija la ley.<\/li><li>JED Alliance Group, Inc. conservar\u00e1 la informaci\u00f3n personal solo durante el tiempo que sea necesario para el cumplimiento de esos fines.<\/li><li>Recopilaremos informaci\u00f3n personal por medios legales y justos y, cuando corresponda, con el conocimiento o consentimiento de la persona en cuesti\u00f3n.<\/li><li>Los datos personales deben ser relevantes para los fines para los que se utilizar\u00e1n y deben ser precisos, completos y actualizados en la medida necesaria para esos fines.<\/li><li>JED Alliance Group, Inc. tomar\u00e1 medidas de seguridad razonables para proteger la informaci\u00f3n personal contra p\u00e9rdida o robo, as\u00ed como el acceso, divulgaci\u00f3n, copia, uso o modificaci\u00f3n no autorizados.<\/li><li>Pondremos a disposici\u00f3n de los clientes informaci\u00f3n sobre nuestras pol\u00edticas y pr\u00e1cticas relacionadas con la gesti\u00f3n de informaci\u00f3n personal.<\/li><li>Estamos comprometidos a llevar a cabo nuestro negocio de acuerdo con estos principios para garantizar que protegemos y mantenemos la confidencialidad de toda la informaci\u00f3n personal.<\/li><\/ul>\n\n<h2 class=\"wp-block-heading\">T\u00e9rminos y condiciones de uso del sitio web<\/h2>\n\n<h3 class=\"wp-block-heading\">1. T\u00e9rminos<\/h3>\n\n<p>Al acceder a este sitio web, usted acepta estar sujeto a estos T\u00e9rminos y condiciones de uso del sitio web, todas las leyes y regulaciones aplicables, y acepta que es responsable del cumplimiento de las leyes locales aplicables. Si no est\u00e1 de acuerdo con alguno de estos t\u00e9rminos, le prohibimos usar o acceder a este sitio. Las leyes de derechos de autor y marcas registradas aplicables protegen los materiales contenidos en este sitio web.<\/p>\n\n<h3 class=\"wp-block-heading\">2. Licencia de uso<\/h3>\n\n<ol class=\"wp-block-list\" type=\"a\"><li>Se otorga permiso para descargar temporalmente una copia de los materiales (informaci\u00f3n o software) en el sitio web de <strong>JED Alliance Group, Inc.<\/strong> solo para visualizaci\u00f3n transitoria personal y no comercial. Esta es la concesi\u00f3n de una licencia, no una transferencia de t\u00edtulo, y bajo esta licencia no puede:<ol><li>modificar o copiar los materiales;<\/li><li>usar los materiales para cualquier prop\u00f3sito comercial o para cualquier exhibici\u00f3n p\u00fablica (comercial o no comercial);<\/li><li>intentar descompilar o aplicar ingenier\u00eda inversa a cualquier software contenido en el sitio web de <strong>JED Alliance Group, Inc<\/strong> .;<\/li><li>eliminar cualquier derecho de autor u otras anotaciones de propiedad de los materiales; o<\/li><li>transferir los materiales a otra persona o \u00abduplicar\u00bb los materiales en cualquier otro servidor.<\/li><\/ol><\/li><li>Esta licencia terminar\u00e1 autom\u00e1ticamente si viola cualquiera de estas restricciones, y <strong>JED Alliance Group, Inc.<\/strong> puede terminarla en cualquier momento. Al finalizar la visualizaci\u00f3n de estos materiales, o al finalizar esta licencia, debe destruir cualquier material descargado que tenga en su poder, ya sea en formato electr\u00f3nico o impreso.<\/li><\/ol>\n\n<h3 class=\"wp-block-heading\">3. Descargo de responsabilidad<\/h3>\n\n<p>Los materiales sobre <strong>JED Alliance Group, Inc.<\/strong>El sitio web de se proporcionan \u00abtal cual\u00bb. <strong>JED Alliance Group, Inc.<\/strong> no ofrece garant\u00edas, expresas o impl\u00edcitas, y por la presente renuncia y niega todas las dem\u00e1s garant\u00edas, incluidas, entre otras: garant\u00edas impl\u00edcitas o condiciones de comerciabilidad, idoneidad para un prop\u00f3sito particular o no infracci\u00f3n de propiedad intelectual u otra violaci\u00f3n de derechos Adem\u00e1s, <strong>JED Alliance Group, Inc.<\/strong> no garantiza ni hace ninguna representaci\u00f3n con respecto a la precisi\u00f3n, los resultados probables o la confiabilidad del uso de los materiales en su sitio web de Internet o en relaci\u00f3n con dichos materiales, o en cualquier sitio vinculado a este sitio.<\/p>\n\n<h3 class=\"wp-block-heading\">4. Limitaciones<\/h3>\n\n<p>En ning\u00fan caso <strong>, JED Alliance Group, Inc.<\/strong> o sus proveedores ser\u00e1n responsables de los da\u00f1os (incluidos, entre otros, los da\u00f1os por p\u00e9rdida de datos o ganancias debido a la interrupci\u00f3n del negocio) que surjan del uso o la incapacidad de usar los materiales en <strong>JED.<\/strong> Sitio de Internet de <strong>Alliance Group, Inc.<\/strong> Esto se mantendr\u00e1 incluso si <strong>SEO Buzz Internet Marketing<\/strong> o un representante autorizado de <strong>JED Alliance Group, Inc.<\/strong> ha sido notificado verbalmente o por escrito de la posibilidad de dicho da\u00f1o. Debido a que algunas jurisdicciones no permiten limitaciones en garant\u00edas impl\u00edcitas o limitaciones de responsabilidad por da\u00f1os consecuentes o incidentales, es posible que estas limitaciones no se apliquen a usted.<\/p>\n\n<h3 class=\"wp-block-heading\">5. Revisiones y Erratas<\/h3>\n\n<p>Los materiales que aparecen en el sitio web de <strong>JED Alliance Group, Inc.<\/strong> pueden incluir errores en la informaci\u00f3n t\u00e9cnica, en el tipo o en las fotograf\u00edas. <strong>JED Alliance Group, Inc.<\/strong> no garantiza que ninguno de los materiales en su sitio web sea preciso, completo o actual.<\/p>\n\n<p><strong>JED Alliance Group, Inc.<\/strong> puede realizar cambios en los materiales contenidos en su sitio web en cualquier momento sin previo aviso, pero <strong>JED Alliance Group, Inc.<\/strong> no se compromete a actualizar los materiales.<\/p>\n\n<h3 class=\"wp-block-heading\">6. Enlaces<\/h3>\n\n<p><strong>JED Alliance Group, Inc.<\/strong> no ha revisado todos los sitios vinculados a su sitio web de Internet y no es responsable del contenido de dichos sitios vinculados. La inclusi\u00f3n de cualquier enlace no implica la aprobaci\u00f3n del sitio por parte de <strong>JED Alliance Group, Inc.<\/strong> El uso de cualquier sitio web vinculado es bajo el propio riesgo del usuario.<\/p>\n\n<h3 class=\"wp-block-heading\">7. Modificaciones de los T\u00e9rminos de uso del sitio<\/h3>\n\n<p><strong>JED Alliance Group, Inc.<\/strong> puede revisar estos t\u00e9rminos de uso de su sitio web en cualquier momento sin previo aviso. Al usar este sitio web, usted acepta estar sujeto a la versi\u00f3n actual de estos T\u00e9rminos de servicio y Pol\u00edtica de privacidad.<\/p>\n\n<h3 class=\"wp-block-heading\">8. Ley aplicable<\/h3>\n\n<p>Las leyes del estado de Florida regir\u00e1n cualquier reclamo relacionado con el sitio web de <strong>JED Alliance Group, Inc.<\/strong> , sin tener en cuenta sus disposiciones sobre conflictos de leyes.<\/p>\n","protected":false},"excerpt":{"rendered":"<p>La pol\u00edtica de privacidad es muy importante para nosotros. Hemos desarrollado las pautas a continuaci\u00f3n para que pueda comprender c\u00f3mo recopilamos, usamos, comunicamos, divulgamos y hacemos uso de la informaci\u00f3n personal. A continuaci\u00f3n se describe nuestra pol\u00edtica de privacidad: Identificaremos los prop\u00f3sitos para los cuales se recopila la informaci\u00f3n antes o en el momento de [&hellip;]<\/p>\n","protected":false},"author":1,"featured_media":0,"parent":0,"menu_order":0,"comment_status":"closed","ping_status":"open","template":"","meta":{"_et_pb_use_builder":"","_et_pb_old_content":"","_et_gb_content_width":"","footnotes":""},"class_list":["post-540","page","type-page","status-publish","hentry"],"yoast_head":"<!-- This site is optimized with the Yoast SEO plugin v27.4 - https:\/\/yoast.com\/product\/yoast-seo-wordpress\/ -->\n<title>Pol\u00edtica de privacidad - JED Alliance Group<\/title>\n<meta name=\"robots\" content=\"index, follow, max-snippet:-1, max-image-preview:large, max-video-preview:-1\" \/>\n<link rel=\"canonical\" href=\"https:\/\/parts.livequipment.com\/es\/politica-de-privacidad\/\" \/>\n<meta property=\"og:locale\" content=\"es_ES\" \/>\n<meta property=\"og:type\" content=\"article\" \/>\n<meta property=\"og:title\" content=\"Pol\u00edtica de privacidad - JED Alliance Group\" \/>\n<meta property=\"og:description\" content=\"La pol\u00edtica de privacidad es muy importante para nosotros. Hemos desarrollado las pautas a continuaci\u00f3n para que pueda comprender c\u00f3mo recopilamos, usamos, comunicamos, divulgamos y hacemos uso de la informaci\u00f3n personal. A continuaci\u00f3n se describe nuestra pol\u00edtica de privacidad: Identificaremos los prop\u00f3sitos para los cuales se recopila la informaci\u00f3n antes o en el momento de [&hellip;]\" \/>\n<meta property=\"og:url\" content=\"https:\/\/parts.livequipment.com\/es\/politica-de-privacidad\/\" \/>\n<meta property=\"og:site_name\" content=\"JED Alliance Group\" \/>\n<meta property=\"article:publisher\" content=\"https:\/\/www.facebook.com\/JEDAlliance\" \/>\n<meta property=\"article:modified_time\" content=\"2022-04-17T23:02:33+00:00\" \/>\n<meta name=\"twitter:card\" content=\"summary_large_image\" \/>\n<meta name=\"twitter:label1\" content=\"Tiempo de lectura\" \/>\n\t<meta name=\"twitter:data1\" content=\"5 minutos\" \/>\n<script type=\"application\/ld+json\" class=\"yoast-schema-graph\">{\"@context\":\"https:\\\/\\\/schema.org\",\"@graph\":[{\"@type\":\"WebPage\",\"@id\":\"https:\\\/\\\/parts.livequipment.com\\\/es\\\/politica-de-privacidad\\\/\",\"url\":\"https:\\\/\\\/parts.livequipment.com\\\/es\\\/politica-de-privacidad\\\/\",\"name\":\"Pol\u00edtica de privacidad - JED Alliance Group\",\"isPartOf\":{\"@id\":\"https:\\\/\\\/parts.livequipment.com\\\/es\\\/#website\"},\"datePublished\":\"2022-04-13T02:38:00+00:00\",\"dateModified\":\"2022-04-17T23:02:33+00:00\",\"breadcrumb\":{\"@id\":\"https:\\\/\\\/parts.livequipment.com\\\/es\\\/politica-de-privacidad\\\/#breadcrumb\"},\"inLanguage\":\"es\",\"potentialAction\":[{\"@type\":\"ReadAction\",\"target\":[\"https:\\\/\\\/parts.livequipment.com\\\/es\\\/politica-de-privacidad\\\/\"]}]},{\"@type\":\"BreadcrumbList\",\"@id\":\"https:\\\/\\\/parts.livequipment.com\\\/es\\\/politica-de-privacidad\\\/#breadcrumb\",\"itemListElement\":[{\"@type\":\"ListItem\",\"position\":1,\"name\":\"Home\",\"item\":\"https:\\\/\\\/parts.livequipment.com\\\/es\\\/\"},{\"@type\":\"ListItem\",\"position\":2,\"name\":\"Pol\u00edtica de privacidad\"}]},{\"@type\":\"WebSite\",\"@id\":\"https:\\\/\\\/parts.livequipment.com\\\/es\\\/#website\",\"url\":\"https:\\\/\\\/parts.livequipment.com\\\/es\\\/\",\"name\":\"JED Alliance Group\",\"description\":\"Schwing Concrete Pump Parts\",\"publisher\":{\"@id\":\"https:\\\/\\\/parts.livequipment.com\\\/es\\\/#organization\"},\"potentialAction\":[{\"@type\":\"SearchAction\",\"target\":{\"@type\":\"EntryPoint\",\"urlTemplate\":\"https:\\\/\\\/parts.livequipment.com\\\/es\\\/?s={search_term_string}\"},\"query-input\":{\"@type\":\"PropertyValueSpecification\",\"valueRequired\":true,\"valueName\":\"search_term_string\"}}],\"inLanguage\":\"es\"},{\"@type\":\"Organization\",\"@id\":\"https:\\\/\\\/parts.livequipment.com\\\/es\\\/#organization\",\"name\":\"Used Concrete Pumps for Sale in Columbia\",\"url\":\"https:\\\/\\\/parts.livequipment.com\\\/es\\\/\",\"logo\":{\"@type\":\"ImageObject\",\"inLanguage\":\"es\",\"@id\":\"https:\\\/\\\/parts.livequipment.com\\\/es\\\/#\\\/schema\\\/logo\\\/image\\\/\",\"url\":\"https:\\\/\\\/parts.livequipment.com\\\/wp-content\\\/uploads\\\/2022\\\/04\\\/logo.png\",\"contentUrl\":\"https:\\\/\\\/parts.livequipment.com\\\/wp-content\\\/uploads\\\/2022\\\/04\\\/logo.png\",\"width\":316,\"height\":60,\"caption\":\"Used Concrete Pumps for Sale in Columbia\"},\"image\":{\"@id\":\"https:\\\/\\\/parts.livequipment.com\\\/es\\\/#\\\/schema\\\/logo\\\/image\\\/\"},\"sameAs\":[\"https:\\\/\\\/www.facebook.com\\\/JEDAlliance\",\"https:\\\/\\\/www.linkedin.com\\\/company\\\/jed-alliance-group-inc-\\\/\",\"https:\\\/\\\/www.youtube.com\\\/user\\\/encuentramaquinas\"]}]}<\/script>\n<!-- \/ Yoast SEO plugin. -->","yoast_head_json":{"title":"Pol\u00edtica de privacidad - JED Alliance Group","robots":{"index":"index","follow":"follow","max-snippet":"max-snippet:-1","max-image-preview":"max-image-preview:large","max-video-preview":"max-video-preview:-1"},"canonical":"https:\/\/parts.livequipment.com\/es\/politica-de-privacidad\/","og_locale":"es_ES","og_type":"article","og_title":"Pol\u00edtica de privacidad - JED Alliance Group","og_description":"La pol\u00edtica de privacidad es muy importante para nosotros. Hemos desarrollado las pautas a continuaci\u00f3n para que pueda comprender c\u00f3mo recopilamos, usamos, comunicamos, divulgamos y hacemos uso de la informaci\u00f3n personal. A continuaci\u00f3n se describe nuestra pol\u00edtica de privacidad: Identificaremos los prop\u00f3sitos para los cuales se recopila la informaci\u00f3n antes o en el momento de [&hellip;]","og_url":"https:\/\/parts.livequipment.com\/es\/politica-de-privacidad\/","og_site_name":"JED Alliance Group","article_publisher":"https:\/\/www.facebook.com\/JEDAlliance","article_modified_time":"2022-04-17T23:02:33+00:00","twitter_card":"summary_large_image","twitter_misc":{"Tiempo de lectura":"5 minutos"},"schema":{"@context":"https:\/\/schema.org","@graph":[{"@type":"WebPage","@id":"https:\/\/parts.livequipment.com\/es\/politica-de-privacidad\/","url":"https:\/\/parts.livequipment.com\/es\/politica-de-privacidad\/","name":"Pol\u00edtica de privacidad - JED Alliance Group","isPartOf":{"@id":"https:\/\/parts.livequipment.com\/es\/#website"},"datePublished":"2022-04-13T02:38:00+00:00","dateModified":"2022-04-17T23:02:33+00:00","breadcrumb":{"@id":"https:\/\/parts.livequipment.com\/es\/politica-de-privacidad\/#breadcrumb"},"inLanguage":"es","potentialAction":[{"@type":"ReadAction","target":["https:\/\/parts.livequipment.com\/es\/politica-de-privacidad\/"]}]},{"@type":"BreadcrumbList","@id":"https:\/\/parts.livequipment.com\/es\/politica-de-privacidad\/#breadcrumb","itemListElement":[{"@type":"ListItem","position":1,"name":"Home","item":"https:\/\/parts.livequipment.com\/es\/"},{"@type":"ListItem","position":2,"name":"Pol\u00edtica de privacidad"}]},{"@type":"WebSite","@id":"https:\/\/parts.livequipment.com\/es\/#website","url":"https:\/\/parts.livequipment.com\/es\/","name":"JED Alliance Group","description":"Schwing Concrete Pump Parts","publisher":{"@id":"https:\/\/parts.livequipment.com\/es\/#organization"},"potentialAction":[{"@type":"SearchAction","target":{"@type":"EntryPoint","urlTemplate":"https:\/\/parts.livequipment.com\/es\/?s={search_term_string}"},"query-input":{"@type":"PropertyValueSpecification","valueRequired":true,"valueName":"search_term_string"}}],"inLanguage":"es"},{"@type":"Organization","@id":"https:\/\/parts.livequipment.com\/es\/#organization","name":"Used Concrete Pumps for Sale in Columbia","url":"https:\/\/parts.livequipment.com\/es\/","logo":{"@type":"ImageObject","inLanguage":"es","@id":"https:\/\/parts.livequipment.com\/es\/#\/schema\/logo\/image\/","url":"https:\/\/parts.livequipment.com\/wp-content\/uploads\/2022\/04\/logo.png","contentUrl":"https:\/\/parts.livequipment.com\/wp-content\/uploads\/2022\/04\/logo.png","width":316,"height":60,"caption":"Used Concrete Pumps for Sale in Columbia"},"image":{"@id":"https:\/\/parts.livequipment.com\/es\/#\/schema\/logo\/image\/"},"sameAs":["https:\/\/www.facebook.com\/JEDAlliance","https:\/\/www.linkedin.com\/company\/jed-alliance-group-inc-\/","https:\/\/www.youtube.com\/user\/encuentramaquinas"]}]}},"_links":{"self":[{"href":"https:\/\/parts.livequipment.com\/es\/wp-json\/wp\/v2\/pages\/540","targetHints":{"allow":["GET"]}}],"collection":[{"href":"https:\/\/parts.livequipment.com\/es\/wp-json\/wp\/v2\/pages"}],"about":[{"href":"https:\/\/parts.livequipment.com\/es\/wp-json\/wp\/v2\/types\/page"}],"author":[{"embeddable":true,"href":"https:\/\/parts.livequipment.com\/es\/wp-json\/wp\/v2\/users\/1"}],"replies":[{"embeddable":true,"href":"https:\/\/parts.livequipment.com\/es\/wp-json\/wp\/v2\/comments?post=540"}],"version-history":[{"count":4,"href":"https:\/\/parts.livequipment.com\/es\/wp-json\/wp\/v2\/pages\/540\/revisions"}],"predecessor-version":[{"id":571,"href":"https:\/\/parts.livequipment.com\/es\/wp-json\/wp\/v2\/pages\/540\/revisions\/571"}],"wp:attachment":[{"href":"https:\/\/parts.livequipment.com\/es\/wp-json\/wp\/v2\/media?parent=540"}],"curies":[{"name":"wp","href":"https:\/\/api.w.org\/{rel}","templated":true}]}}