{"id":536,"date":"2022-04-13T17:12:27","date_gmt":"2022-04-13T22:12:27","guid":{"rendered":"https:\/\/parts.livequipment.com\/acerca-de\/"},"modified":"2022-07-07T14:49:57","modified_gmt":"2022-07-07T19:49:57","slug":"acerca-de","status":"publish","type":"page","link":"https:\/\/parts.livequipment.com\/es\/acerca-de\/","title":{"rendered":"Acerca de"},"content":{"rendered":"<p>[et_pb_section fb_built=\u00bb1&#8243; _builder_version=\u00bb4.17.3&#8243; _module_preset=\u00bbdefault\u00bb custom_padding=\u00bb20px||||false|false\u00bb global_colors_info=\u00bb{}\u00bb][et_pb_row _builder_version=\u00bb4.17.3&#8243; _module_preset=\u00bbdefault\u00bb global_colors_info=\u00bb{}\u00bb][et_pb_column type=\u00bb4_4&#8243; _builder_version=\u00bb4.17.3&#8243; _module_preset=\u00bbdefault\u00bb global_colors_info=\u00bb{}\u00bb][et_pb_text _builder_version=\u00bb4.17.3&#8243; _module_preset=\u00bbdefault\u00bb header_font=\u00bb|700|||||||\u00bb header_text_align=\u00bbcenter\u00bb global_colors_info=\u00bb{}\u00bb]<\/p>\n<h1>Sobre nosotros<\/h1>\n<p>[\/et_pb_text][et_pb_text _builder_version=\u00bb4.17.4&#8243; _module_preset=\u00bbdefault\u00bb hover_enabled=\u00bb0&#8243; sticky_enabled=\u00bb0&#8243;]<\/p>\n<h2 style=\"text-align: center;\">Las mejores bombas de hormig\u00f3n usadas del mercado<\/h2>\n<p>JED Alliance Group tiene un gran inventario de <a href=\"https:\/\/livequipment.com\/mixer-trucks-for-sale\/\"><br \/>\n  <strong>camiones hormigoneros usados<\/strong><br \/>\n<\/a> y <a href=\"https:\/\/livequipment.com\/used-concrete-trailer-pumps-for-sale\/\" class=\"broken_link\"><strong>bombas de<\/strong><\/a> hormig\u00f3n <a href=\"https:\/\/livequipment.com\/used-concrete-trailer-pumps-for-sale\/\" class=\"broken_link\">en venta<\/a>. Nos especializamos en equipos de hormig\u00f3n, buscando en todo el mundo los mejores camiones de cemento Mack de segunda mano y Schwing, Putzmeister, Mayco, Reed, y otras marcas de bombas de hormig\u00f3n de alta calidad.<\/p>\n<p style=\"text-align: center;\"><a href=\"https:\/\/livequipment.com\/used-concrete-trailer-pumps-for-sale\/\" class=\"broken_link\"><img decoding=\"async\" loading=\"lazy\" class=\"aligncenter wp-image-3571\" src=\"https:\/\/livequipment.com\/wp-content\/uploads\/2016\/01\/Sin-t%C3%ADtulo-1-01.png\" alt=\"Grupo Jed Alliance\" width=\"317\" height=\"203\"><\/a><br \/>\n<a class=\"btn broken_link\" style=\"display: inline-block;\" href=\"https:\/\/livequipment.com\/used-concrete-trailer-pumps-for-sale\/\">Vea nuestras bombas de hormig\u00f3n reacondicionadas en venta<\/a><\/p>\n<p>Enviamos todos los camiones y bombas usados a nuestras instalaciones de \u00faltima generaci\u00f3n en Orlando, FL., donde hemos perfeccionado nuestro proceso para asegurar que cada unidad sea completamente restaurada. Nuestros t\u00e9cnicos capacitados reemplazan todas las piezas desgastadas; pintura fresca y calcoman\u00edas de la marca original se aplican despu\u00e9s de chorro de arena y la imprimaci\u00f3n para proteger el trabajo de pintura como nuevo durante a\u00f1os.<\/p>\n<h2>Autoridades de bombas y camiones de hormig\u00f3n<img decoding=\"async\" loading=\"lazy\" class=\"size-medium wp-image-174 alignright\" src=\"http:\/\/livequipment.com\/wp-content\/uploads\/2016\/01\/used-concrete-mixer-truck-and-pumps-450-300x194.gif\" alt=\"autoridad de EE.UU. revendedor de camiones hormigoneros y bombas de hormig\u00f3n usados\" width=\"300\" height=\"194\"><\/h2>\n<p>La mayor\u00eda de los corredores de equipos pesados de Am\u00e9rica del Norte y del Sur anuncian nuestras bombas de hormig\u00f3n, camiones pluma de hormig\u00f3n y camiones hormigonera en sus sitios web.<\/p>\n<p>\u00bfPor qu\u00e9? Porque tenemos el inventario m\u00e1s amplio de bombas de hormig\u00f3n y maquinaria relacionada con el hormig\u00f3n del pa\u00eds. Somos LA autoridad en equipos de hormig\u00f3n en los Estados Unidos y exportamos a todo el mundo.<\/p>\n<p>\u00bfQuiere comprar una bomba de remolque de hormig\u00f3n o un cami\u00f3n pluma?<\/p>\n<p>&nbsp;<\/p>\n<p><a class=\"btn broken_link\" style=\"display: inline-block;\" href=\"https:\/\/livequipment.com\/used-concrete-trailer-pumps-for-sale\/\">Vea nuestras bombas de hormig\u00f3n en venta<\/a><br \/>\n<a class=\"btn\" style=\"display: inline-block;\" href=\"https:\/\/livequipment.com\/concrete-pump-for-sale-in-craigslist\/get-a-quote\">Contacte con nosotros para vender sus m\u00e1quinas<\/a><\/p>\n<p>La direcci\u00f3n de nuestra empresa tiene una experiencia combinada de m\u00e1s de 30 a\u00f1os en la compra, venta, operaci\u00f3n y renovaci\u00f3n de equipos de construcci\u00f3n. Nuestro personal especializado le ayudar\u00e1 a encontrar la bomba de hormig\u00f3n o el cami\u00f3n hormigonera que mejor se adapte a sus necesidades. Luego se lo enviaremos de la manera m\u00e1s eficiente y rentable. Nuestros especialistas en exportaci\u00f3n supervisan el desmontaje, el embalaje, el despacho de aduanas y el env\u00edo de principio a fin. Incluso podemos financiar su bomba de hormig\u00f3n o cami\u00f3n hormigonera como nuevos.<\/p>\n<p>Su compra en JED Alliance est\u00e1 completamente simplificada&#8230; \u00a1s\u00f3lo tiene que comprar, recibir y ponerse a trabajar!<\/p>\n<h4>El proceso de restauraci\u00f3n<img decoding=\"async\" loading=\"lazy\" class=\"size-full wp-image-175 alignright\" src=\"http:\/\/livequipment.com\/wp-content\/uploads\/2016\/01\/concrete-mixer-truck-and-pump-restoration.jpg\" alt=\"restauraci\u00f3n del cami\u00f3n hormigonera y de la bomba\" width=\"191\" height=\"248\"><\/h4>\n<p>En nuestras instalaciones de \u00faltima generaci\u00f3n en Orlando, FL, EE.UU., lavamos con vapor, chorro de arena, reparamos y pintamos cada bomba de hormig\u00f3n o cami\u00f3n mezclador usado que ponemos a la venta en nuestro inventario. Reacondicionamos equipos de colocaci\u00f3n de hormig\u00f3n usados de las marcas Schwing, Putzmeister, Mayco, Reed, Mack y otras marcas de alta calidad.<\/p>\n<p>\u00bfQuiere obtener el valor de la compra de m\u00e1quinas usadas, pero no quiere lidiar con los posibles dolores de cabeza que esto podr\u00eda causar? Entonces nuestras bombas de hormig\u00f3n y camiones hormigonera restaurados y totalmente inspeccionados son para usted. En muchos casos, podemos incluso probarlo en una obra antes de envi\u00e1rselo.<\/p>\n<p>P\u00eddanos el equipo de hormig\u00f3n que necesita y se lo financiaremos y enviaremos sin demoras. Nuestro experto equipo de ventas facilita su experiencia de compra, y usted puede empezar a trabajar antes en sus proyectos para sus clientes. Le ayudamos a encontrar la soluci\u00f3n para sus necesidades empresariales.<\/p>\n<p><a href=\"https:\/\/livequipment.com\/contact-us\/\">Llame o solicite un presupuesto hoy mismo<\/a>.<\/p>\n<h3><strong>\u00bfC\u00f3mo aportamos valor a nuestros clientes?<\/strong><\/h3>\n<p>Muchos compradores hoy en d\u00eda utilizan internet para tomar sus decisiones de compra, desde amazon, ebay, hasta mirar una bomba de hormig\u00f3n en venta en craigslist. La principal diferencia entre esta opci\u00f3n, y la compra de una de nuestras <a href=\"https:\/\/livequipment.com\/used-concrete-trailer-pumps-for-sale\/\" class=\"broken_link\">bombas de remolque de hormig\u00f3n usadas para la venta<\/a> es que cuando usted compra directamente de un propietario \/ operador de la empresa, en realidad quieren deshacerse de la m\u00e1quina por una raz\u00f3n. Preg\u00fantate siempre, si el tipo sigue bombeando, \u00bfpor qu\u00e9 no se queda con la m\u00e1quina?<\/p>\n<p>Las bombas que vendemos son m\u00e1quinas totalmente reacondicionadas, estas bombas han sido probadas y est\u00e1n listas para funcionar. Tambi\u00e9n nos aseguramos de que su inversi\u00f3n est\u00e9 segura con nosotros. Llevamos muchos a\u00f1os aqu\u00ed y seguiremos estando durante muchos m\u00e1s. Nuestra empresa ha sido calificada como <strong>\u00abA+\u00bb <\/strong> por el <a href=\"https:\/\/www.bbb.org\/central-florida\/business-reviews\/construction-equipment-sales-services\/jed-alliance-group-in-kissimmee-fl-90290821#sealclick\" target=\"_blank\" rel=\"noopener noreferrer\" data-et-has-event-already=\"true\">Better Business Bureau<\/a> durante m\u00e1s de 10 a\u00f1os consecutivos<\/p>\n<p>La idea central de nuestro negocio es trabajar con integridad. Ese es el principal modelo de negocio: trabajar con integridad es decir la verdad siempre, pase lo que pase.<\/p>\n<p>Lo mismo ocurre cuando se busca una bomba de hormig\u00f3n en venta en craigslist, o cuando traemos este equipo. El propietario que nos la vendi\u00f3 siempre nos dijo que la m\u00e1quina estaba en perfecto estado y que no hab\u00eda que hacerle nada. Pero la mayor\u00eda de las veces nos encontramos con que esto es inexacto. A veces compramos equipos que necesitan mucha atenci\u00f3n y tenemos que sustituir todo, desde el motor hasta los neum\u00e1ticos. Sin embargo, no lo hacemos con los dem\u00e1s (nuestros clientes). Nuestra idea es cambiar ese tipo de camino, cambiar ese tipo de comportamiento.<\/p>\n<h3>Renovaci\u00f3n de bombas de hormig\u00f3n<img decoding=\"async\" loading=\"lazy\" class=\"alignright wp-image-3564\" title=\"bomba de hormig\u00f3n en venta en craigslist\" src=\"https:\/\/livequipment.com\/wp-content\/uploads\/2016\/01\/jed-alliance-group-reviews-1024x576.jpg\" alt=\"bomba de hormig\u00f3n en venta en craigslist\" width=\"574\" height=\"310\"><\/h3>\n<p>Rompemos el comportamiento. Cuando lo compramos, sabemos que hay algunos riesgos asociados. Despu\u00e9s de todos estos a\u00f1os haciendo lo mismo, hemos aprendido a ponerles el precio correcto. De este modo, tambi\u00e9n podemos ofrecerle un precio justo por un equipo muy bueno arreglado correctamente.  <a href=\"https:\/\/www.google.com\/#q=jed+alliance+group+reviews\" target=\"_blank\" rel=\"noopener noreferrer\" data-et-has-event-already=\"true\">Vea nuestros incre\u00edbles comentarios aqu\u00ed<\/a><\/p>\n<p>Ofrecemos valor ense\u00f1ando todo lo que sabemos sobre la m\u00e1quina a nuestros clientes. Aportamos valor mostrando exactamente c\u00f3mo utilizarlo y d\u00e1ndole las herramientas para que pueda tener \u00e9xito. Por ejemplo, grabaciones de v\u00eddeo sobre c\u00f3mo manejar su m\u00e1quina exacta, c\u00f3mo mantenerla, c\u00f3mo limpiarla y c\u00f3mo solucionar los problemas que puedan surgir. Este tipo de servicio no lo obtienes cuando compras una bomba de hormig\u00f3n en venta en craigslist.<\/p>\n<p>Aportamos valor ayud\u00e1ndole a adquirir financiaci\u00f3n si es lo que necesita. Y en algunos casos, incluso iremos con usted a algunos trabajos de bombeo para que se sienta m\u00e1s c\u00f3modo con lo que est\u00e1 haciendo.<\/p>\n<p>El bombeo de hormig\u00f3n no es necesariamente un negocio f\u00e1cil, pero es muy gratificante. Y se vuelve a\u00fan m\u00e1s gratificante si tienes un equipo que no te da dolores de cabeza, adem\u00e1s de tener una empresa que te respalda, y que siempre est\u00e1 detr\u00e1s de ti si algo sucediera.<\/p>\n<h3>Apoyo<\/h3>\n<p>Cuando nuestros clientes necesitan apoyo en cuanto a los equipos, siempre estamos ah\u00ed para ellos. Si tiene una pregunta, siempre atenderemos los tel\u00e9fonos. Y si necesita piezas, accesorios, tuber\u00edas, mangueras o cualquier cosa necesaria para el buen funcionamiento de su negocio de Bombeo de Hormig\u00f3n, tambi\u00e9n estaremos a su disposici\u00f3n.<\/p>\n<p>La mayor\u00eda de las veces y la mayor parte de nuestras ventas son a clientes de fuera del estado y del pa\u00eds. Contamos con un departamento dedicado a enviar y entregar equipos de hormig\u00f3n con el m\u00e1ximo cuidado. Con un departamento de expertos en exportaci\u00f3n. Nuestra empresa ha enviado equipos a muchos pa\u00edses del mundo y siempre ha tenido un \u00e9xito del 100%.<\/p>\n<p>Siempre ponemos el inter\u00e9s de nuestros clientes en primer lugar a la hora de pensar si el cliente debe venir a recoger el equipo o ser\u00eda mejor envi\u00e1rselo.<\/p>\n<p>Adem\u00e1s, en el futuro, cuando llegue el momento de adquirir tal vez otra bomba, esperamos estar all\u00ed para ustedes tambi\u00e9n.<\/p>\n<h2>Resultado final de la compra de una bomba de hormig\u00f3n para la venta en craigslist<\/h2>\n<p>Calidad, compromiso, integridad y una incre\u00edble experiencia para el cliente. Estas son las verdaderas diferencias en la compra de una de las <a href=\"https:\/\/livequipment.com\/\">bombas de hormig\u00f3n usadas en venta<\/a> de nuestra empresa, y la compra de una bomba de hormig\u00f3n usada en venta en craigslist[\/et_pb_text][\/et_pb_column][\/et_pb_row][\/et_pb_section]<\/p>\n","protected":false},"excerpt":{"rendered":"<p>Sobre nosotrosLas mejores bombas de hormig\u00f3n usadas del mercado JED Alliance Group tiene un gran inventario de camiones hormigoneros usados y bombas de hormig\u00f3n en venta. Nos especializamos en equipos de hormig\u00f3n, buscando en todo el mundo los mejores camiones de cemento Mack de segunda mano y Schwing, Putzmeister, Mayco, Reed, y otras marcas de [&hellip;]<\/p>\n","protected":false},"author":1,"featured_media":0,"parent":0,"menu_order":0,"comment_status":"closed","ping_status":"closed","template":"","meta":{"_et_pb_use_builder":"on","_et_pb_old_content":"","_et_gb_content_width":"","footnotes":""},"class_list":["post-536","page","type-page","status-publish","hentry"],"yoast_head":"<!-- This site is optimized with the Yoast SEO plugin v27.4 - https:\/\/yoast.com\/product\/yoast-seo-wordpress\/ -->\n<title>Acerca de - JED Alliance Group<\/title>\n<meta name=\"robots\" content=\"index, follow, max-snippet:-1, max-image-preview:large, max-video-preview:-1\" \/>\n<link rel=\"canonical\" href=\"https:\/\/parts.livequipment.com\/es\/acerca-de\/\" \/>\n<meta property=\"og:locale\" content=\"es_ES\" \/>\n<meta property=\"og:type\" content=\"article\" \/>\n<meta property=\"og:title\" content=\"Acerca de - JED Alliance Group\" \/>\n<meta property=\"og:description\" content=\"Sobre nosotrosLas mejores bombas de hormig\u00f3n usadas del mercado JED Alliance Group tiene un gran inventario de camiones hormigoneros usados y bombas de hormig\u00f3n en venta. Nos especializamos en equipos de hormig\u00f3n, buscando en todo el mundo los mejores camiones de cemento Mack de segunda mano y Schwing, Putzmeister, Mayco, Reed, y otras marcas de [&hellip;]\" \/>\n<meta property=\"og:url\" content=\"https:\/\/parts.livequipment.com\/es\/acerca-de\/\" \/>\n<meta property=\"og:site_name\" content=\"JED Alliance Group\" \/>\n<meta property=\"article:publisher\" content=\"https:\/\/www.facebook.com\/JEDAlliance\" \/>\n<meta property=\"article:modified_time\" content=\"2022-07-07T19:49:57+00:00\" \/>\n<meta property=\"og:image\" content=\"https:\/\/livequipment.com\/wp-content\/uploads\/2016\/01\/Sin-t%C3%ADtulo-1-01.png\" \/>\n<meta name=\"twitter:card\" content=\"summary_large_image\" \/>\n<meta name=\"twitter:label1\" content=\"Tiempo de lectura\" \/>\n\t<meta name=\"twitter:data1\" content=\"7 minutos\" \/>\n<script type=\"application\/ld+json\" class=\"yoast-schema-graph\">{\"@context\":\"https:\\\/\\\/schema.org\",\"@graph\":[{\"@type\":\"WebPage\",\"@id\":\"https:\\\/\\\/parts.livequipment.com\\\/es\\\/acerca-de\\\/\",\"url\":\"https:\\\/\\\/parts.livequipment.com\\\/es\\\/acerca-de\\\/\",\"name\":\"Acerca de - JED Alliance Group\",\"isPartOf\":{\"@id\":\"https:\\\/\\\/parts.livequipment.com\\\/es\\\/#website\"},\"primaryImageOfPage\":{\"@id\":\"https:\\\/\\\/parts.livequipment.com\\\/es\\\/acerca-de\\\/#primaryimage\"},\"image\":{\"@id\":\"https:\\\/\\\/parts.livequipment.com\\\/es\\\/acerca-de\\\/#primaryimage\"},\"thumbnailUrl\":\"https:\\\/\\\/livequipment.com\\\/wp-content\\\/uploads\\\/2016\\\/01\\\/Sin-t%C3%ADtulo-1-01.png\",\"datePublished\":\"2022-04-13T22:12:27+00:00\",\"dateModified\":\"2022-07-07T19:49:57+00:00\",\"breadcrumb\":{\"@id\":\"https:\\\/\\\/parts.livequipment.com\\\/es\\\/acerca-de\\\/#breadcrumb\"},\"inLanguage\":\"es\",\"potentialAction\":[{\"@type\":\"ReadAction\",\"target\":[\"https:\\\/\\\/parts.livequipment.com\\\/es\\\/acerca-de\\\/\"]}]},{\"@type\":\"ImageObject\",\"inLanguage\":\"es\",\"@id\":\"https:\\\/\\\/parts.livequipment.com\\\/es\\\/acerca-de\\\/#primaryimage\",\"url\":\"https:\\\/\\\/livequipment.com\\\/wp-content\\\/uploads\\\/2016\\\/01\\\/Sin-t%C3%ADtulo-1-01.png\",\"contentUrl\":\"https:\\\/\\\/livequipment.com\\\/wp-content\\\/uploads\\\/2016\\\/01\\\/Sin-t%C3%ADtulo-1-01.png\"},{\"@type\":\"BreadcrumbList\",\"@id\":\"https:\\\/\\\/parts.livequipment.com\\\/es\\\/acerca-de\\\/#breadcrumb\",\"itemListElement\":[{\"@type\":\"ListItem\",\"position\":1,\"name\":\"Home\",\"item\":\"https:\\\/\\\/parts.livequipment.com\\\/es\\\/\"},{\"@type\":\"ListItem\",\"position\":2,\"name\":\"Acerca de\"}]},{\"@type\":\"WebSite\",\"@id\":\"https:\\\/\\\/parts.livequipment.com\\\/es\\\/#website\",\"url\":\"https:\\\/\\\/parts.livequipment.com\\\/es\\\/\",\"name\":\"JED Alliance Group\",\"description\":\"Schwing Concrete Pump Parts\",\"publisher\":{\"@id\":\"https:\\\/\\\/parts.livequipment.com\\\/es\\\/#organization\"},\"potentialAction\":[{\"@type\":\"SearchAction\",\"target\":{\"@type\":\"EntryPoint\",\"urlTemplate\":\"https:\\\/\\\/parts.livequipment.com\\\/es\\\/?s={search_term_string}\"},\"query-input\":{\"@type\":\"PropertyValueSpecification\",\"valueRequired\":true,\"valueName\":\"search_term_string\"}}],\"inLanguage\":\"es\"},{\"@type\":\"Organization\",\"@id\":\"https:\\\/\\\/parts.livequipment.com\\\/es\\\/#organization\",\"name\":\"Used Concrete Pumps for Sale in Columbia\",\"url\":\"https:\\\/\\\/parts.livequipment.com\\\/es\\\/\",\"logo\":{\"@type\":\"ImageObject\",\"inLanguage\":\"es\",\"@id\":\"https:\\\/\\\/parts.livequipment.com\\\/es\\\/#\\\/schema\\\/logo\\\/image\\\/\",\"url\":\"https:\\\/\\\/parts.livequipment.com\\\/wp-content\\\/uploads\\\/2022\\\/04\\\/logo.png\",\"contentUrl\":\"https:\\\/\\\/parts.livequipment.com\\\/wp-content\\\/uploads\\\/2022\\\/04\\\/logo.png\",\"width\":316,\"height\":60,\"caption\":\"Used Concrete Pumps for Sale in Columbia\"},\"image\":{\"@id\":\"https:\\\/\\\/parts.livequipment.com\\\/es\\\/#\\\/schema\\\/logo\\\/image\\\/\"},\"sameAs\":[\"https:\\\/\\\/www.facebook.com\\\/JEDAlliance\",\"https:\\\/\\\/www.linkedin.com\\\/company\\\/jed-alliance-group-inc-\\\/\",\"https:\\\/\\\/www.youtube.com\\\/user\\\/encuentramaquinas\"]}]}<\/script>\n<!-- \/ Yoast SEO plugin. -->","yoast_head_json":{"title":"Acerca de - JED Alliance Group","robots":{"index":"index","follow":"follow","max-snippet":"max-snippet:-1","max-image-preview":"max-image-preview:large","max-video-preview":"max-video-preview:-1"},"canonical":"https:\/\/parts.livequipment.com\/es\/acerca-de\/","og_locale":"es_ES","og_type":"article","og_title":"Acerca de - JED Alliance Group","og_description":"Sobre nosotrosLas mejores bombas de hormig\u00f3n usadas del mercado JED Alliance Group tiene un gran inventario de camiones hormigoneros usados y bombas de hormig\u00f3n en venta. Nos especializamos en equipos de hormig\u00f3n, buscando en todo el mundo los mejores camiones de cemento Mack de segunda mano y Schwing, Putzmeister, Mayco, Reed, y otras marcas de [&hellip;]","og_url":"https:\/\/parts.livequipment.com\/es\/acerca-de\/","og_site_name":"JED Alliance Group","article_publisher":"https:\/\/www.facebook.com\/JEDAlliance","article_modified_time":"2022-07-07T19:49:57+00:00","og_image":[{"url":"https:\/\/livequipment.com\/wp-content\/uploads\/2016\/01\/Sin-t%C3%ADtulo-1-01.png","type":"","width":"","height":""}],"twitter_card":"summary_large_image","twitter_misc":{"Tiempo de lectura":"7 minutos"},"schema":{"@context":"https:\/\/schema.org","@graph":[{"@type":"WebPage","@id":"https:\/\/parts.livequipment.com\/es\/acerca-de\/","url":"https:\/\/parts.livequipment.com\/es\/acerca-de\/","name":"Acerca de - JED Alliance Group","isPartOf":{"@id":"https:\/\/parts.livequipment.com\/es\/#website"},"primaryImageOfPage":{"@id":"https:\/\/parts.livequipment.com\/es\/acerca-de\/#primaryimage"},"image":{"@id":"https:\/\/parts.livequipment.com\/es\/acerca-de\/#primaryimage"},"thumbnailUrl":"https:\/\/livequipment.com\/wp-content\/uploads\/2016\/01\/Sin-t%C3%ADtulo-1-01.png","datePublished":"2022-04-13T22:12:27+00:00","dateModified":"2022-07-07T19:49:57+00:00","breadcrumb":{"@id":"https:\/\/parts.livequipment.com\/es\/acerca-de\/#breadcrumb"},"inLanguage":"es","potentialAction":[{"@type":"ReadAction","target":["https:\/\/parts.livequipment.com\/es\/acerca-de\/"]}]},{"@type":"ImageObject","inLanguage":"es","@id":"https:\/\/parts.livequipment.com\/es\/acerca-de\/#primaryimage","url":"https:\/\/livequipment.com\/wp-content\/uploads\/2016\/01\/Sin-t%C3%ADtulo-1-01.png","contentUrl":"https:\/\/livequipment.com\/wp-content\/uploads\/2016\/01\/Sin-t%C3%ADtulo-1-01.png"},{"@type":"BreadcrumbList","@id":"https:\/\/parts.livequipment.com\/es\/acerca-de\/#breadcrumb","itemListElement":[{"@type":"ListItem","position":1,"name":"Home","item":"https:\/\/parts.livequipment.com\/es\/"},{"@type":"ListItem","position":2,"name":"Acerca de"}]},{"@type":"WebSite","@id":"https:\/\/parts.livequipment.com\/es\/#website","url":"https:\/\/parts.livequipment.com\/es\/","name":"JED Alliance Group","description":"Schwing Concrete Pump Parts","publisher":{"@id":"https:\/\/parts.livequipment.com\/es\/#organization"},"potentialAction":[{"@type":"SearchAction","target":{"@type":"EntryPoint","urlTemplate":"https:\/\/parts.livequipment.com\/es\/?s={search_term_string}"},"query-input":{"@type":"PropertyValueSpecification","valueRequired":true,"valueName":"search_term_string"}}],"inLanguage":"es"},{"@type":"Organization","@id":"https:\/\/parts.livequipment.com\/es\/#organization","name":"Used Concrete Pumps for Sale in Columbia","url":"https:\/\/parts.livequipment.com\/es\/","logo":{"@type":"ImageObject","inLanguage":"es","@id":"https:\/\/parts.livequipment.com\/es\/#\/schema\/logo\/image\/","url":"https:\/\/parts.livequipment.com\/wp-content\/uploads\/2022\/04\/logo.png","contentUrl":"https:\/\/parts.livequipment.com\/wp-content\/uploads\/2022\/04\/logo.png","width":316,"height":60,"caption":"Used Concrete Pumps for Sale in Columbia"},"image":{"@id":"https:\/\/parts.livequipment.com\/es\/#\/schema\/logo\/image\/"},"sameAs":["https:\/\/www.facebook.com\/JEDAlliance","https:\/\/www.linkedin.com\/company\/jed-alliance-group-inc-\/","https:\/\/www.youtube.com\/user\/encuentramaquinas"]}]}},"_links":{"self":[{"href":"https:\/\/parts.livequipment.com\/es\/wp-json\/wp\/v2\/pages\/536","targetHints":{"allow":["GET"]}}],"collection":[{"href":"https:\/\/parts.livequipment.com\/es\/wp-json\/wp\/v2\/pages"}],"about":[{"href":"https:\/\/parts.livequipment.com\/es\/wp-json\/wp\/v2\/types\/page"}],"author":[{"embeddable":true,"href":"https:\/\/parts.livequipment.com\/es\/wp-json\/wp\/v2\/users\/1"}],"replies":[{"embeddable":true,"href":"https:\/\/parts.livequipment.com\/es\/wp-json\/wp\/v2\/comments?post=536"}],"version-history":[{"count":5,"href":"https:\/\/parts.livequipment.com\/es\/wp-json\/wp\/v2\/pages\/536\/revisions"}],"predecessor-version":[{"id":67150,"href":"https:\/\/parts.livequipment.com\/es\/wp-json\/wp\/v2\/pages\/536\/revisions\/67150"}],"wp:attachment":[{"href":"https:\/\/parts.livequipment.com\/es\/wp-json\/wp\/v2\/media?parent=536"}],"curies":[{"name":"wp","href":"https:\/\/api.w.org\/{rel}","templated":true}]}}