{"id":489,"date":"2022-04-13T17:26:20","date_gmt":"2022-04-13T22:26:20","guid":{"rendered":"https:\/\/parts.livequipment.com\/carrito\/"},"modified":"2022-07-07T15:21:36","modified_gmt":"2022-07-07T20:21:36","slug":"carrito","status":"publish","type":"page","link":"https:\/\/parts.livequipment.com\/es\/carrito\/","title":{"rendered":"Carrito de Compras"},"content":{"rendered":"<p>[et_pb_section fb_built=\u00bb1&#8243; _builder_version=\u00bb4.16&#8243; global_colors_info=\u00bb{}\u00bb][et_pb_row _builder_version=\u00bb4.17.4&#8243; background_size=\u00bbinitial\u00bb background_position=\u00bbtop_left\u00bb background_repeat=\u00bbrepeat\u00bb hover_enabled=\u00bb0&#8243; global_colors_info=\u00bb{}\u00bb custom_padding=\u00bb0px||||false|false\u00bb sticky_enabled=\u00bb0&#8243;][et_pb_column type=\u00bb4_4&#8243; _builder_version=\u00bb4.16&#8243; custom_padding=\u00bb|||\u00bb global_colors_info=\u00bb{}\u00bb custom_padding__hover=\u00bb|||\u00bb][et_pb_text _builder_version=\u00bb4.17.4&#8243; background_size=\u00bbinitial\u00bb background_position=\u00bbtop_left\u00bb background_repeat=\u00bbrepeat\u00bb hover_enabled=\u00bb0&#8243; global_colors_info=\u00bb{}\u00bb header_text_align=\u00bbcenter\u00bb sticky_enabled=\u00bb0&#8243;]<\/p>\n<h1>Carrito de Compras<\/h1>\n<p><!-- divi:html --><\/p>\n<div class=\"custom-affiliate-hide-on-order-received\"><strong>Nos comunicaremos con usted con una cotizaci\u00f3n completa<\/strong> de todos los productos que orden\u00f3 y todas las tarifas de env\u00edo y\/o importaci\u00f3n. <strong>Haga clic <a href=\"https:\/\/parts.livequipment.com\/es\/confirmar\/\">en continuar con el pago<\/a><\/strong> para que su <strong>pedido se retenga<\/strong> ahora.<\/div>\n<p><!-- \/divi:html --><\/p>\n<p><!-- divi:shortcode --><br \/><br \/><!-- \/divi:shortcode --><\/p>\n<p><!-- divi:shortcode --><br \/>[et_pb_section global_module=\"464\"][\/et_pb_section]<br \/><!-- \/divi:shortcode --><\/p>\n<p>[\/et_pb_text][\/et_pb_column][\/et_pb_row][\/et_pb_section]<\/p>\n","protected":false},"excerpt":{"rendered":"<p>Carrito de Compras Nos comunicaremos con usted con una cotizaci\u00f3n completa de todos los productos que orden\u00f3 y todas las tarifas de env\u00edo y\/o importaci\u00f3n. Haga clic en continuar con el pago para que su pedido se retenga ahora.  <div id=\"zapatillas\" class=\"et_pb_section et_pb_section_1 et_section_regular\" >\n\t\t\t\t\n\t\t\t\t\n\t\t\t\t\n\t\t\t\t\n\t\t\t\t\n\t\t\t\t\n\t\t\t\t<div class=\"et_pb_with_border et_pb_row et_pb_row_0\">\n\t\t\t\t<div class=\"et_pb_column et_pb_column_4_4 et_pb_column_0  et_pb_css_mix_blend_mode_passthrough et-last-child\">\n\t\t\t\t\n\t\t\t\t\n\t\t\t\t\n\t\t\t\t\n\t\t\t\t<div class=\"et_pb_with_border et_pb_module et_pb_text et_pb_text_0  et_pb_text_align_center et_pb_bg_layout_light\">\n\t\t\t\t\n\t\t\t\t\n\t\t\t\t\n\t\t\t\t\n\t\t\t\t<div class=\"et_pb_text_inner\"><p>Localizador de productos<\/p><\/div>\n\t\t\t<\/div>\n\t\t\t<\/div>\n\t\t\t\t\n\t\t\t\t\n\t\t\t\t\n\t\t\t\t\n\t\t\t<\/div><div class=\"et_pb_row et_pb_row_1 et_pb_equal_columns et_pb_gutters2\">\n\t\t\t\t<div class=\"et_pb_with_border et_pb_column_3_5 et_pb_column et_pb_column_1  et_pb_css_mix_blend_mode_passthrough\">\n\t\t\t\t\n\t\t\t\t\n\t\t\t\t\n\t\t\t\t\n\t\t\t\t<div class=\"et_pb_module et_pb_text et_pb_text_1  et_pb_text_align_left et_pb_bg_layout_light\">\n\t\t\t\t\n\t\t\t\t\n\t\t\t\t\n\t\t\t\t\n\t\t\t\t<div class=\"et_pb_text_inner\"><h2>Pedido al por mayor<\/h2>\n<p>Comience a escribir el n\u00famero de producto en el campo a continuaci\u00f3n para mostrar los resultados.<\/p><\/div>\n\t\t\t<\/div><div class=\"et_pb_module et_pb_text et_pb_text_2  et_pb_text_align_left et_pb_bg_layout_light\">\n\t\t\t\t\n\t\t\t\t\n\t\t\t\t\n\t\t\t\t\n\t\t\t\t<div class=\"et_pb_text_inner\"><form id=\"wcbulkorderform_6250391171776296570\" data-formid=\"6250391171776296570\" class=\"wcbulkorderform standard\" method=\"post\" action=\"\" role=\"search\">\n\t<div class=\"backEndResponse\" >  <\/div>\n<table class=\"wcbulkordertable wcbulkorderproducttbl\" id=\"wcbulkorderproducttbl\">\n\t<thead>\n\t\t<tr>\n\t\t\t<td>Product<\/td>\n\n\t\t\t\n\t\t\t<td>Qty<\/td>\n\n\t\t\t\t\t\t\t<td>Price<\/td>\n\t\t\t\n\t\t\t\t\t<\/tr>\n\t<\/thead>\n\t<tbody class=\"list\">\n<tr data-formid=\"6250391171776296570\" id=\"wc_bof_product_1\" class=\"wc_bof_product_list wc_bof_product_1\" data-rowcount=\"1\">\n\t\t<td data-count=\"1\" class=\"wc_bof_product_name\" id=\"wc_bof_product_name_1\">\n\t\t<i class=\"bulkorder_spinner\"><\/i><input type=\"hidden\" name=\"wcbulkorder[wcbof_products][1][product_id]\" value=\"\" class=\"product_id\" \/>\n\t\t<select name=\"wcbulkorder[wcbof_products][1][product_name]\" class=\"product_name product_name_search_field\" placeholder=\"Busca un producto&hellip;\"><\/select>\t<\/td>\n\t\t<td class=\"wc_bof_product_qty\" id=\"wc_bof_product_qty_1\" data-count=\"1\" >\n\t\t<input type=\"number\" data-count=\"1\" data-currency=\"&#036;\" min=\"0\" max=\"9999\" step=\"1\" name=\"wcbulkorder[wcbof_products][1][product_qty]\" value=\"\" class=\"product_qty\" \/>\t<\/td>\n\t \n\t\t<td data-count=\"1\" class=\"wc_bof_product_price\" id=\"wc_bof_product_price_1\">\n\t\t\t<span class=\"amount\"><\/span>\t\t<\/td> \n\t\t<\/tr><tr data-formid=\"6250391171776296570\" id=\"wc_bof_product_2\" class=\"wc_bof_product_list wc_bof_product_2\" data-rowcount=\"2\">\n\t\t<td data-count=\"2\" class=\"wc_bof_product_name\" id=\"wc_bof_product_name_2\">\n\t\t<i class=\"bulkorder_spinner\"><\/i><input type=\"hidden\" name=\"wcbulkorder[wcbof_products][2][product_id]\" value=\"\" class=\"product_id\" \/>\n\t\t<select name=\"wcbulkorder[wcbof_products][2][product_name]\" class=\"product_name product_name_search_field\" placeholder=\"\"><\/select>\t<\/td>\n\t\t<td class=\"wc_bof_product_qty\" id=\"wc_bof_product_qty_2\" data-count=\"2\" >\n\t\t<input type=\"number\" data-count=\"2\" data-currency=\"&#036;\" min=\"0\" max=\"9999\" step=\"1\" name=\"wcbulkorder[wcbof_products][2][product_qty]\" value=\"\" class=\"product_qty\" \/>\t<\/td>\n\t \n\t\t<td data-count=\"2\" class=\"wc_bof_product_price\" id=\"wc_bof_product_price_2\">\n\t\t\t<span class=\"amount\"><\/span>\t\t<\/td> \n\t\t<\/tr><tr data-formid=\"6250391171776296570\" id=\"wc_bof_product_3\" class=\"wc_bof_product_list wc_bof_product_3\" data-rowcount=\"3\">\n\t\t<td data-count=\"3\" class=\"wc_bof_product_name\" id=\"wc_bof_product_name_3\">\n\t\t<i class=\"bulkorder_spinner\"><\/i><input type=\"hidden\" name=\"wcbulkorder[wcbof_products][3][product_id]\" value=\"\" class=\"product_id\" \/>\n\t\t<select name=\"wcbulkorder[wcbof_products][3][product_name]\" class=\"product_name product_name_search_field\" placeholder=\"\"><\/select>\t<\/td>\n\t\t<td class=\"wc_bof_product_qty\" id=\"wc_bof_product_qty_3\" data-count=\"3\" >\n\t\t<input type=\"number\" data-count=\"3\" data-currency=\"&#036;\" min=\"0\" max=\"9999\" step=\"1\" name=\"wcbulkorder[wcbof_products][3][product_qty]\" value=\"\" class=\"product_qty\" \/>\t<\/td>\n\t \n\t\t<td data-count=\"3\" class=\"wc_bof_product_price\" id=\"wc_bof_product_price_3\">\n\t\t\t<span class=\"amount\"><\/span>\t\t<\/td> \n\t\t<\/tr><tr data-formid=\"6250391171776296570\" id=\"wc_bof_product_4\" class=\"wc_bof_product_list wc_bof_product_4\" data-rowcount=\"4\">\n\t\t<td data-count=\"4\" class=\"wc_bof_product_name\" id=\"wc_bof_product_name_4\">\n\t\t<i class=\"bulkorder_spinner\"><\/i><input type=\"hidden\" name=\"wcbulkorder[wcbof_products][4][product_id]\" value=\"\" class=\"product_id\" \/>\n\t\t<select name=\"wcbulkorder[wcbof_products][4][product_name]\" class=\"product_name product_name_search_field\" placeholder=\"\"><\/select>\t<\/td>\n\t\t<td class=\"wc_bof_product_qty\" id=\"wc_bof_product_qty_4\" data-count=\"4\" >\n\t\t<input type=\"number\" data-count=\"4\" data-currency=\"&#036;\" min=\"0\" max=\"9999\" step=\"1\" name=\"wcbulkorder[wcbof_products][4][product_qty]\" value=\"\" class=\"product_qty\" \/>\t<\/td>\n\t \n\t\t<td data-count=\"4\" class=\"wc_bof_product_price\" id=\"wc_bof_product_price_4\">\n\t\t\t<span class=\"amount\"><\/span>\t\t<\/td> \n\t\t<\/tr><tr data-formid=\"6250391171776296570\" id=\"wc_bof_product_5\" class=\"wc_bof_product_list wc_bof_product_5\" data-rowcount=\"5\">\n\t\t<td data-count=\"5\" class=\"wc_bof_product_name\" id=\"wc_bof_product_name_5\">\n\t\t<i class=\"bulkorder_spinner\"><\/i><input type=\"hidden\" name=\"wcbulkorder[wcbof_products][5][product_id]\" value=\"\" class=\"product_id\" \/>\n\t\t<select name=\"wcbulkorder[wcbof_products][5][product_name]\" class=\"product_name product_name_search_field\" placeholder=\"\"><\/select>\t<\/td>\n\t\t<td class=\"wc_bof_product_qty\" id=\"wc_bof_product_qty_5\" data-count=\"5\" >\n\t\t<input type=\"number\" data-count=\"5\" data-currency=\"&#036;\" min=\"0\" max=\"9999\" step=\"1\" name=\"wcbulkorder[wcbof_products][5][product_qty]\" value=\"\" class=\"product_qty\" \/>\t<\/td>\n\t \n\t\t<td data-count=\"5\" class=\"wc_bof_product_price\" id=\"wc_bof_product_price_5\">\n\t\t\t<span class=\"amount\"><\/span>\t\t<\/td> \n\t\t<\/tr><tr data-formid=\"6250391171776296570\" id=\"wc_bof_product_removeHidden\" class=\"wc_bof_product_list wc_bof_product_removeHidden\" data-rowcount=\"removeHidden\">\n\t\t<td data-count=\"removeHidden\" class=\"wc_bof_product_name\" id=\"wc_bof_product_name_removeHidden\">\n\t\t<i class=\"bulkorder_spinner\"><\/i><input type=\"hidden\" name=\"wcbulkorder[wcbof_products][removeHidden][product_id]\" value=\"\" class=\"product_id\" \/>\n\t\t<select name=\"wcbulkorder[wcbof_products][removeHidden][product_name]\" class=\"product_name product_name_search_field\" placeholder=\"\"><\/select>\t<\/td>\n\t\t<td class=\"wc_bof_product_qty\" id=\"wc_bof_product_qty_removeHidden\" data-count=\"removeHidden\" >\n\t\t<input type=\"number\" data-count=\"removeHidden\" data-currency=\"&#036;\" min=\"0\" max=\"9999\" step=\"1\" name=\"wcbulkorder[wcbof_products][removeHidden][product_qty]\" value=\"\" class=\"product_qty\" \/>\t<\/td>\n\t \n\t\t<td data-count=\"removeHidden\" class=\"wc_bof_product_price\" id=\"wc_bof_product_price_removeHidden\">\n\t\t\t<span class=\"amount\"><\/span>\t\t<\/td> \n\t\t<\/tr>\t<\/tbody>\n\t<tfoot id=\"wcbulkordertotaltbl\" class=\"wcbulkordertotaltbl\">\n\t\t\t\t\t<tr id=\"wcbulkordertotals\" class=\"wcbulkordertotals\">\n\t\t\t\t<td class=\"wc_bof_pricetotalhead\" colspan=\"\">Total :<\/td>\n\t\t\t\t<td class=\"wc_bof_pricetotal\"><span class=\"wcbulkorderalltotal\"><\/span><\/td>\n\n\t\t\t<\/tr>\n\t\t\t\t<tr id=\"wcbulkorderactions\" class=\"wcbulkorderactions\">\n\t\t\t<td>\n\t\t\t\t            <button data-formid=\"6250391171776296570\" type=\"button\" class=\"button wcbofaddrow\"\n                    id=\"wcbofaddrow_6250391171776296570\">Add row<\/button>\n\t\t\t\t\t\t<\/td>\n\t\t\t<td>\n\t\t\t\t<button data-formid=\"6250391171776296570\" type=\"submit\" class=\"wcbofaddtocart button\" id=\"wcbofaddtocart_6250391171776296570\">Add to Cart<\/button>\n\t\t\t<\/td>\n\t\t<\/tr>\n\t<\/tfoot>\n<\/table> \t<div class=\"form_hidden_fileds\" id=\"form_hidden_fileds_6250391171776296570\"> <input id=\"template\" type=\"hidden\" name=\"wcbulkorder[settings][template]\" value=\"standard\" \/> <input id=\"rows\" type=\"hidden\" name=\"wcbulkorder[settings][rows]\" value=\"5\" \/> <input id=\"price\" type=\"hidden\" name=\"wcbulkorder[settings][price]\" value=\"on\" \/> <input id=\"category\" type=\"hidden\" name=\"wcbulkorder[settings][category]\" value=\"\" \/> <input id=\"excluded\" type=\"hidden\" name=\"wcbulkorder[settings][excluded]\" value=\"\" \/> <input id=\"included\" type=\"hidden\" name=\"wcbulkorder[settings][included]\" value=\"\" \/> <input id=\"search_by\" type=\"hidden\" name=\"wcbulkorder[settings][search_by]\" value=\"all\" \/> <input id=\"max_items\" type=\"hidden\" name=\"wcbulkorder[settings][max_items]\" value=\"-1\" \/> <input id=\"product_display\" type=\"hidden\" name=\"wcbulkorder[settings][product_display]\" value=\"STP\" \/> <input id=\"variation_display\" type=\"hidden\" name=\"wcbulkorder[settings][variation_display]\" value=\"STP\" \/> <input id=\"product_display_separator\" type=\"hidden\" name=\"wcbulkorder[settings][product_display_separator]\" value=\" - \" \/> <input id=\"variation_display_separator\" type=\"hidden\" name=\"wcbulkorder[settings][variation_display_separator]\" value=\" - \" \/> <input id=\"product_attributes\" type=\"hidden\" name=\"wcbulkorder[settings][product_attributes]\" value=\"\" \/> <input id=\"single_addtocart\" type=\"hidden\" name=\"wcbulkorder[settings][single_addtocart]\" value=\"\" \/> <input id=\"single_addtocart_label\" type=\"hidden\" name=\"wcbulkorder[settings][single_addtocart_label]\" value=\"Add to Cart\" \/> <input id=\"cart_label\" type=\"hidden\" name=\"wcbulkorder[settings][cart_label]\" value=\"Add to Cart\" \/> <input id=\"total_label\" type=\"hidden\" name=\"wcbulkorder[settings][total_label]\" value=\"Total\" \/> <input id=\"include_hidden\" type=\"hidden\" name=\"wcbulkorder[settings][include_hidden]\" value=\"\" \/> <input id=\"exclude_out_of_stock\" type=\"hidden\" name=\"wcbulkorder[settings][exclude_out_of_stock]\" value=\"\" \/> <input id=\"term\" type=\"hidden\" name=\"wcbulkorder[settings][term]\" value=\"Ship\" \/> <input id=\"display_images\" type=\"hidden\" name=\"wcbulkorder[settings][display_images]\" value=\"\" \/> <input id=\"total_columns\" type=\"hidden\" name=\"wcbulkorder[settings][total_columns]\" value=\"5\" \/> <input id=\"active_columns\" type=\"hidden\" name=\"wcbulkorder[settings][active_columns]\" value=\"0\" \/> <input id=\"formid\" type=\"hidden\" name=\"wcbulkorder[settings][formid]\" value=\"6250391171776296570\" \/><\/div><input type=\"hidden\" name=\"action\" value=\"wcbulkorder_product_buy_now\" id=\"form_action\" \/><\/form>\n<\/div>\n\t\t\t<\/div>\n\t\t\t<\/div><div class=\"et_pb_with_border et_pb_column_2_5 et_pb_column et_pb_column_2  et_pb_css_mix_blend_mode_passthrough et-last-child\">\n\t\t\t\t\n\t\t\t\t\n\t\t\t\t\n\t\t\t\t\n\t\t\t\t<div class=\"et_pb_module et_pb_text et_pb_text_3  et_pb_text_align_left et_pb_bg_layout_light\">\n\t\t\t\t\n\t\t\t\t\n\t\t\t\t\n\t\t\t\t\n\t\t\t\t<div class=\"et_pb_text_inner\"><h2>Buscar Productos<\/h2>\n<p>Busque por n\u00famero de producto o nombre.<\/p><\/div>\n\t\t\t<\/div><div class=\"et_pb_with_border et_pb_module et_pb_search et_pb_search_0  et_pb_text_align_left et_pb_bg_layout_light\">\n\t\t\t\t\n\t\t\t\t\n\t\t\t\t\n\t\t\t\t\n\t\t\t\t<form role=\"search\" method=\"get\" class=\"et_pb_searchform\" action=\"https:\/\/parts.livequipment.com\/es\/\">\n\t\t\t\t\t<div>\n\t\t\t\t\t\t<label class=\"screen-reader-text\" for=\"s\">Search for:<\/label>\n\t\t\t\t\t\t<input type=\"text\" name=\"s\" placeholder=\"Buscar Productos\" class=\"et_pb_s\" \/>\n\t\t\t\t\t\t<input type=\"hidden\" name=\"et_pb_searchform_submit\" value=\"et_search_proccess\" \/>\n\t\t\t\t\t\t\n\t\t\t\t\t\t\n\t\t\t\t\t\t\n\t\t\t\t\t\t<input type=\"submit\" value=\"Search\" class=\"et_pb_searchsubmit\">\n\t\t\t\t\t<\/div>\n\t\t\t\t<\/form>\n\t\t\t<\/div>\n\t\t\t<\/div>\n\t\t\t\t\n\t\t\t\t\n\t\t\t\t\n\t\t\t\t\n\t\t\t<\/div>\n\t\t\t\t\n\t\t\t\t\n\t\t\t<\/div><\/p>\n","protected":false},"author":1,"featured_media":0,"parent":0,"menu_order":0,"comment_status":"closed","ping_status":"closed","template":"","meta":{"_et_pb_use_builder":"on","_et_pb_old_content":"","_et_gb_content_width":"","footnotes":""},"class_list":["post-489","page","type-page","status-publish","hentry"],"yoast_head":"<!-- This site is optimized with the Yoast SEO plugin v27.4 - https:\/\/yoast.com\/product\/yoast-seo-wordpress\/ -->\n<title>Carrito de Compras - JED Alliance Group<\/title>\n<meta name=\"robots\" content=\"index, follow, max-snippet:-1, max-image-preview:large, max-video-preview:-1\" \/>\n<link rel=\"canonical\" href=\"https:\/\/parts.livequipment.com\/es\/carrito\/\" \/>\n<meta property=\"og:locale\" content=\"es_ES\" \/>\n<meta property=\"og:type\" content=\"article\" \/>\n<meta property=\"og:title\" content=\"Carrito de Compras - JED Alliance Group\" \/>\n<meta property=\"og:description\" content=\"Carrito de Compras Nos comunicaremos con usted con una cotizaci\u00f3n completa de todos los productos que orden\u00f3 y todas las tarifas de env\u00edo y\/o importaci\u00f3n. Haga clic en continuar con el pago para que su pedido se retenga ahora.\" \/>\n<meta property=\"og:url\" content=\"https:\/\/parts.livequipment.com\/es\/carrito\/\" \/>\n<meta property=\"og:site_name\" content=\"JED Alliance Group\" \/>\n<meta property=\"article:publisher\" content=\"https:\/\/www.facebook.com\/JEDAlliance\" \/>\n<meta property=\"article:modified_time\" content=\"2022-07-07T20:21:36+00:00\" \/>\n<meta name=\"twitter:card\" content=\"summary_large_image\" \/>\n<meta name=\"twitter:label1\" content=\"Tiempo de lectura\" \/>\n\t<meta name=\"twitter:data1\" content=\"1 minuto\" \/>\n<script type=\"application\/ld+json\" class=\"yoast-schema-graph\">{\"@context\":\"https:\\\/\\\/schema.org\",\"@graph\":[{\"@type\":\"WebPage\",\"@id\":\"https:\\\/\\\/parts.livequipment.com\\\/es\\\/carrito\\\/\",\"url\":\"https:\\\/\\\/parts.livequipment.com\\\/es\\\/carrito\\\/\",\"name\":\"Carrito de Compras - JED Alliance Group\",\"isPartOf\":{\"@id\":\"https:\\\/\\\/parts.livequipment.com\\\/es\\\/#website\"},\"datePublished\":\"2022-04-13T22:26:20+00:00\",\"dateModified\":\"2022-07-07T20:21:36+00:00\",\"breadcrumb\":{\"@id\":\"https:\\\/\\\/parts.livequipment.com\\\/es\\\/carrito\\\/#breadcrumb\"},\"inLanguage\":\"es\",\"potentialAction\":[{\"@type\":\"ReadAction\",\"target\":[\"https:\\\/\\\/parts.livequipment.com\\\/es\\\/carrito\\\/\"]}]},{\"@type\":\"BreadcrumbList\",\"@id\":\"https:\\\/\\\/parts.livequipment.com\\\/es\\\/carrito\\\/#breadcrumb\",\"itemListElement\":[{\"@type\":\"ListItem\",\"position\":1,\"name\":\"Home\",\"item\":\"https:\\\/\\\/parts.livequipment.com\\\/es\\\/\"},{\"@type\":\"ListItem\",\"position\":2,\"name\":\"Carrito de Compras\"}]},{\"@type\":\"WebSite\",\"@id\":\"https:\\\/\\\/parts.livequipment.com\\\/es\\\/#website\",\"url\":\"https:\\\/\\\/parts.livequipment.com\\\/es\\\/\",\"name\":\"JED Alliance Group\",\"description\":\"Schwing Concrete Pump Parts\",\"publisher\":{\"@id\":\"https:\\\/\\\/parts.livequipment.com\\\/es\\\/#organization\"},\"potentialAction\":[{\"@type\":\"SearchAction\",\"target\":{\"@type\":\"EntryPoint\",\"urlTemplate\":\"https:\\\/\\\/parts.livequipment.com\\\/es\\\/?s={search_term_string}\"},\"query-input\":{\"@type\":\"PropertyValueSpecification\",\"valueRequired\":true,\"valueName\":\"search_term_string\"}}],\"inLanguage\":\"es\"},{\"@type\":\"Organization\",\"@id\":\"https:\\\/\\\/parts.livequipment.com\\\/es\\\/#organization\",\"name\":\"Used Concrete Pumps for Sale in Columbia\",\"url\":\"https:\\\/\\\/parts.livequipment.com\\\/es\\\/\",\"logo\":{\"@type\":\"ImageObject\",\"inLanguage\":\"es\",\"@id\":\"https:\\\/\\\/parts.livequipment.com\\\/es\\\/#\\\/schema\\\/logo\\\/image\\\/\",\"url\":\"https:\\\/\\\/parts.livequipment.com\\\/wp-content\\\/uploads\\\/2022\\\/04\\\/logo.png\",\"contentUrl\":\"https:\\\/\\\/parts.livequipment.com\\\/wp-content\\\/uploads\\\/2022\\\/04\\\/logo.png\",\"width\":316,\"height\":60,\"caption\":\"Used Concrete Pumps for Sale in Columbia\"},\"image\":{\"@id\":\"https:\\\/\\\/parts.livequipment.com\\\/es\\\/#\\\/schema\\\/logo\\\/image\\\/\"},\"sameAs\":[\"https:\\\/\\\/www.facebook.com\\\/JEDAlliance\",\"https:\\\/\\\/www.linkedin.com\\\/company\\\/jed-alliance-group-inc-\\\/\",\"https:\\\/\\\/www.youtube.com\\\/user\\\/encuentramaquinas\"]}]}<\/script>\n<!-- \/ Yoast SEO plugin. -->","yoast_head_json":{"title":"Carrito de Compras - JED Alliance Group","robots":{"index":"index","follow":"follow","max-snippet":"max-snippet:-1","max-image-preview":"max-image-preview:large","max-video-preview":"max-video-preview:-1"},"canonical":"https:\/\/parts.livequipment.com\/es\/carrito\/","og_locale":"es_ES","og_type":"article","og_title":"Carrito de Compras - JED Alliance Group","og_description":"Carrito de Compras Nos comunicaremos con usted con una cotizaci\u00f3n completa de todos los productos que orden\u00f3 y todas las tarifas de env\u00edo y\/o importaci\u00f3n. Haga clic en continuar con el pago para que su pedido se retenga ahora.","og_url":"https:\/\/parts.livequipment.com\/es\/carrito\/","og_site_name":"JED Alliance Group","article_publisher":"https:\/\/www.facebook.com\/JEDAlliance","article_modified_time":"2022-07-07T20:21:36+00:00","twitter_card":"summary_large_image","twitter_misc":{"Tiempo de lectura":"1 minuto"},"schema":{"@context":"https:\/\/schema.org","@graph":[{"@type":"WebPage","@id":"https:\/\/parts.livequipment.com\/es\/carrito\/","url":"https:\/\/parts.livequipment.com\/es\/carrito\/","name":"Carrito de Compras - JED Alliance Group","isPartOf":{"@id":"https:\/\/parts.livequipment.com\/es\/#website"},"datePublished":"2022-04-13T22:26:20+00:00","dateModified":"2022-07-07T20:21:36+00:00","breadcrumb":{"@id":"https:\/\/parts.livequipment.com\/es\/carrito\/#breadcrumb"},"inLanguage":"es","potentialAction":[{"@type":"ReadAction","target":["https:\/\/parts.livequipment.com\/es\/carrito\/"]}]},{"@type":"BreadcrumbList","@id":"https:\/\/parts.livequipment.com\/es\/carrito\/#breadcrumb","itemListElement":[{"@type":"ListItem","position":1,"name":"Home","item":"https:\/\/parts.livequipment.com\/es\/"},{"@type":"ListItem","position":2,"name":"Carrito de Compras"}]},{"@type":"WebSite","@id":"https:\/\/parts.livequipment.com\/es\/#website","url":"https:\/\/parts.livequipment.com\/es\/","name":"JED Alliance Group","description":"Schwing Concrete Pump Parts","publisher":{"@id":"https:\/\/parts.livequipment.com\/es\/#organization"},"potentialAction":[{"@type":"SearchAction","target":{"@type":"EntryPoint","urlTemplate":"https:\/\/parts.livequipment.com\/es\/?s={search_term_string}"},"query-input":{"@type":"PropertyValueSpecification","valueRequired":true,"valueName":"search_term_string"}}],"inLanguage":"es"},{"@type":"Organization","@id":"https:\/\/parts.livequipment.com\/es\/#organization","name":"Used Concrete Pumps for Sale in Columbia","url":"https:\/\/parts.livequipment.com\/es\/","logo":{"@type":"ImageObject","inLanguage":"es","@id":"https:\/\/parts.livequipment.com\/es\/#\/schema\/logo\/image\/","url":"https:\/\/parts.livequipment.com\/wp-content\/uploads\/2022\/04\/logo.png","contentUrl":"https:\/\/parts.livequipment.com\/wp-content\/uploads\/2022\/04\/logo.png","width":316,"height":60,"caption":"Used Concrete Pumps for Sale in Columbia"},"image":{"@id":"https:\/\/parts.livequipment.com\/es\/#\/schema\/logo\/image\/"},"sameAs":["https:\/\/www.facebook.com\/JEDAlliance","https:\/\/www.linkedin.com\/company\/jed-alliance-group-inc-\/","https:\/\/www.youtube.com\/user\/encuentramaquinas"]}]}},"_links":{"self":[{"href":"https:\/\/parts.livequipment.com\/es\/wp-json\/wp\/v2\/pages\/489","targetHints":{"allow":["GET"]}}],"collection":[{"href":"https:\/\/parts.livequipment.com\/es\/wp-json\/wp\/v2\/pages"}],"about":[{"href":"https:\/\/parts.livequipment.com\/es\/wp-json\/wp\/v2\/types\/page"}],"author":[{"embeddable":true,"href":"https:\/\/parts.livequipment.com\/es\/wp-json\/wp\/v2\/users\/1"}],"replies":[{"embeddable":true,"href":"https:\/\/parts.livequipment.com\/es\/wp-json\/wp\/v2\/comments?post=489"}],"version-history":[{"count":16,"href":"https:\/\/parts.livequipment.com\/es\/wp-json\/wp\/v2\/pages\/489\/revisions"}],"predecessor-version":[{"id":67190,"href":"https:\/\/parts.livequipment.com\/es\/wp-json\/wp\/v2\/pages\/489\/revisions\/67190"}],"wp:attachment":[{"href":"https:\/\/parts.livequipment.com\/es\/wp-json\/wp\/v2\/media?parent=489"}],"curies":[{"name":"wp","href":"https:\/\/api.w.org\/{rel}","templated":true}]}}